{"id":1648,"date":"2018-10-24T17:48:28","date_gmt":"2018-10-24T17:48:28","guid":{"rendered":"http:\/\/som10.hospedagemdesites.ws\/mtc\/?page_id=1648"},"modified":"2023-05-15T22:26:11","modified_gmt":"2023-05-16T01:26:11","slug":"nossa_empresa","status":"publish","type":"page","link":"https:\/\/metalcase.com.br\/index.php\/nossa_empresa\/","title":{"rendered":"Empresa"},"content":{"rendered":"\t\t<div data-elementor-type=\"wp-post\" data-elementor-id=\"1648\" class=\"elementor elementor-1648\">\n\t\t\t\t\t\t<section class=\"has_eae_slider elementor-section elementor-top-section elementor-element elementor-element-6e1a56a elementor-section-stretched elementor-section-boxed elementor-section-height-default elementor-section-height-default\" data-eae-slider=\"24587\" data-id=\"6e1a56a\" data-element_type=\"section\" data-settings=\"{&quot;stretch_section&quot;:&quot;section-stretched&quot;}\">\n\t\t\t\t\t\t<div class=\"elementor-container elementor-column-gap-default\">\n\t\t\t\t\t<div class=\"has_eae_slider elementor-column elementor-col-50 elementor-top-column elementor-element elementor-element-bcf6541\" data-eae-slider=\"2342\" data-id=\"bcf6541\" data-element_type=\"column\">\n\t\t\t<div class=\"elementor-widget-wrap elementor-element-populated\">\n\t\t\t\t\t\t<div class=\"elementor-element elementor-element-5e90efd elementor-widget elementor-widget-heading\" data-id=\"5e90efd\" data-element_type=\"widget\" data-widget_type=\"heading.default\">\n\t\t\t\t<div class=\"elementor-widget-container\">\n\t\t\t\t\t<h2 class=\"elementor-heading-title elementor-size-default\">Conhe\u00e7a um pouco a Metalcase<\/h2>\t\t\t\t<\/div>\n\t\t\t\t<\/div>\n\t\t\t\t<div class=\"elementor-element elementor-element-f83fea2 elementor-widget elementor-widget-text-editor\" data-id=\"f83fea2\" data-element_type=\"widget\" data-widget_type=\"text-editor.default\">\n\t\t\t\t<div class=\"elementor-widget-container\">\n\t\t\t\t\t\t\t\t\t<p>Nossos produtos, originalmente, se direcionam \u00e0s \u00e1reas de entretenimento. Mas, tamb\u00e9m, desenvolvemos produtos, projetos e solu\u00e7\u00f5es espec\u00edficas para diversos segmentos, tais como: Estandes, Eventos, Supermercados, Ind\u00fastria qu\u00edmico-farmac\u00eautica, Ind\u00fastria de Alimentos, Programa\u00e7\u00e3o Visual, Arquitetura, Decora\u00e7\u00e3o Comercial, Solda T\u00e9cnica, Servi\u00e7os T\u00e9cnicos Mec\u00e2nicos. Este site \u00e9 mais um ve\u00edculo de comunica\u00e7\u00e3o entre n\u00f3s .<\/p><h4>Sendo assim , explore-o ; e se n\u00e3o encontrar as informa\u00e7\u00f5es que procura, por favor, entre em contato.\u00a0Sugerimos come\u00e7ar por \u201cEMPRESA\u201d e \u201cDICAS\u201d.<\/h4><p>Voc\u00ea encontra, navegando atrav\u00e9s do bot\u00e3o \u201cEMPRESA\u201d,informa\u00e7\u00f5es institucionais e referenciais sobre a Metalcase. Clicando em \u201cPRODUTOS\u201d, encontrar\u00e1 um menu com as diversas fam\u00edlias de materiais comercializados pela nossa organiza\u00e7\u00e3o . Em \u201cCOMPRAR\u201d est\u00e3o\u00a0as principais informa\u00e7\u00f5es de como adquirir os produtos. Em \u201cDICAS\u201dvoc\u00ea encontrar\u00e1 referencias sobre as fam\u00edlias de materiais bem como orienta\u00e7\u00f5es sobre navega\u00e7\u00e3o pelo site.<br \/>O bot\u00e3o \u201cCONTATO\u201d permite gerar e-mails direcionados \u00e0 nossa \u00e1rea comercial .<br \/><span style=\"font-size: 15px;\">Obrigado por sua visita !<\/span><\/p>\t\t\t\t\t\t\t\t<\/div>\n\t\t\t\t<\/div>\n\t\t\t\t\t<\/div>\n\t\t<\/div>\n\t\t\t\t<div class=\"has_eae_slider elementor-column elementor-col-50 elementor-top-column elementor-element elementor-element-7bec22b\" data-eae-slider=\"43155\" data-id=\"7bec22b\" data-element_type=\"column\">\n\t\t\t<div class=\"elementor-widget-wrap elementor-element-populated\">\n\t\t\t\t\t\t<div class=\"elementor-element elementor-element-240f82e elementor-widget elementor-widget-image\" data-id=\"240f82e\" data-element_type=\"widget\" data-widget_type=\"image.default\">\n\t\t\t\t<div class=\"elementor-widget-container\">\n\t\t\t\t\t\t\t\t\t\t\t\t\t\t\t<img fetchpriority=\"high\" decoding=\"async\" width=\"1024\" height=\"633\" src=\"https:\/\/metalcase.com.br\/wp-content\/uploads\/2023\/02\/IMG-20190624-WA0052-1-1024x633.jpg\" class=\"attachment-large size-large wp-image-2325\" alt=\"\" srcset=\"https:\/\/metalcase.com.br\/wp-content\/uploads\/2023\/02\/IMG-20190624-WA0052-1-1024x633.jpg 1024w, https:\/\/metalcase.com.br\/wp-content\/uploads\/2023\/02\/IMG-20190624-WA0052-1-300x185.jpg 300w, https:\/\/metalcase.com.br\/wp-content\/uploads\/2023\/02\/IMG-20190624-WA0052-1-768x475.jpg 768w, https:\/\/metalcase.com.br\/wp-content\/uploads\/2023\/02\/IMG-20190624-WA0052-1-600x371.jpg 600w, https:\/\/metalcase.com.br\/wp-content\/uploads\/2023\/02\/IMG-20190624-WA0052-1.jpg 1040w\" sizes=\"(max-width: 1024px) 100vw, 1024px\" \/>\t\t\t\t\t\t\t\t\t\t\t\t\t\t\t<\/div>\n\t\t\t\t<\/div>\n\t\t\t\t<div class=\"elementor-element elementor-element-115ef86 elementor-widget elementor-widget-image\" data-id=\"115ef86\" data-element_type=\"widget\" data-widget_type=\"image.default\">\n\t\t\t\t<div class=\"elementor-widget-container\">\n\t\t\t\t\t\t\t\t\t\t\t\t\t\t\t<img decoding=\"async\" width=\"1024\" height=\"768\" src=\"https:\/\/metalcase.com.br\/wp-content\/uploads\/2023\/02\/IMG-20190430-WA0021-1-1024x768.jpg\" class=\"attachment-large size-large wp-image-2323\" alt=\"\" srcset=\"https:\/\/metalcase.com.br\/wp-content\/uploads\/2023\/02\/IMG-20190430-WA0021-1-1024x768.jpg 1024w, https:\/\/metalcase.com.br\/wp-content\/uploads\/2023\/02\/IMG-20190430-WA0021-1-300x225.jpg 300w, https:\/\/metalcase.com.br\/wp-content\/uploads\/2023\/02\/IMG-20190430-WA0021-1-768x576.jpg 768w, https:\/\/metalcase.com.br\/wp-content\/uploads\/2023\/02\/IMG-20190430-WA0021-1-600x450.jpg 600w, https:\/\/metalcase.com.br\/wp-content\/uploads\/2023\/02\/IMG-20190430-WA0021-1.jpg 1040w\" sizes=\"(max-width: 1024px) 100vw, 1024px\" \/>\t\t\t\t\t\t\t\t\t\t\t\t\t\t\t<\/div>\n\t\t\t\t<\/div>\n\t\t\t\t\t<\/div>\n\t\t<\/div>\n\t\t\t\t\t<\/div>\n\t\t<\/section>\n\t\t\t\t<\/div>\n\t\t","protected":false},"excerpt":{"rendered":"<p>Conhe\u00e7a um pouco a Metalcase Nossos produtos, originalmente, se direcionam \u00e0s \u00e1reas de entretenimento. Mas, tamb\u00e9m, desenvolvemos produtos, projetos e solu\u00e7\u00f5es espec\u00edficas para diversos segmentos, tais como: Estandes, Eventos, Supermercados, Ind\u00fastria qu\u00edmico-farmac\u00eautica, Ind\u00fastria de Alimentos, Programa\u00e7\u00e3o Visual, Arquitetura, Decora\u00e7\u00e3o Comercial, Solda T\u00e9cnica, Servi\u00e7os T\u00e9cnicos Mec\u00e2nicos. Este site \u00e9 mais um ve\u00edculo de comunica\u00e7\u00e3o entre n\u00f3s [&hellip;]<\/p>\n","protected":false},"author":2,"featured_media":0,"parent":0,"menu_order":0,"comment_status":"closed","ping_status":"closed","template":"","meta":{"site-sidebar-layout":"no-sidebar","site-content-layout":"page-builder","ast-site-content-layout":"default","site-content-style":"default","site-sidebar-style":"default","ast-global-header-display":"","ast-banner-title-visibility":"","ast-main-header-display":"","ast-hfb-above-header-display":"","ast-hfb-below-header-display":"","ast-hfb-mobile-header-display":"","site-post-title":"disabled","ast-breadcrumbs-content":"","ast-featured-img":"disabled","footer-sml-layout":"","theme-transparent-header-meta":"","adv-header-id-meta":"","stick-header-meta":"","header-above-stick-meta":"","header-main-stick-meta":"","header-below-stick-meta":"","astra-migrate-meta-layouts":"default","ast-page-background-enabled":"default","ast-page-background-meta":{"desktop":{"background-color":"var(--ast-global-color-4)","background-image":"","background-repeat":"repeat","background-position":"center center","background-size":"auto","background-attachment":"scroll","background-type":"","background-media":"","overlay-type":"","overlay-color":"","overlay-opacity":"","overlay-gradient":""},"tablet":{"background-color":"","background-image":"","background-repeat":"repeat","background-position":"center center","background-size":"auto","background-attachment":"scroll","background-type":"","background-media":"","overlay-type":"","overlay-color":"","overlay-opacity":"","overlay-gradient":""},"mobile":{"background-color":"","background-image":"","background-repeat":"repeat","background-position":"center center","background-size":"auto","background-attachment":"scroll","background-type":"","background-media":"","overlay-type":"","overlay-color":"","overlay-opacity":"","overlay-gradient":""}},"ast-content-background-meta":{"desktop":{"background-color":"var(--ast-global-color-5)","background-image":"","background-repeat":"repeat","background-position":"center center","background-size":"auto","background-attachment":"scroll","background-type":"","background-media":"","overlay-type":"","overlay-color":"","overlay-opacity":"","overlay-gradient":""},"tablet":{"background-color":"var(--ast-global-color-5)","background-image":"","background-repeat":"repeat","background-position":"center center","background-size":"auto","background-attachment":"scroll","background-type":"","background-media":"","overlay-type":"","overlay-color":"","overlay-opacity":"","overlay-gradient":""},"mobile":{"background-color":"var(--ast-global-color-5)","background-image":"","background-repeat":"repeat","background-position":"center center","background-size":"auto","background-attachment":"scroll","background-type":"","background-media":"","overlay-type":"","overlay-color":"","overlay-opacity":"","overlay-gradient":""}},"footnotes":""},"class_list":["post-1648","page","type-page","status-publish","hentry"],"yoast_head":"<!-- This site is optimized with the Yoast SEO plugin v26.1.1 - https:\/\/yoast.com\/wordpress\/plugins\/seo\/ -->\n<title>Empresa - Metalcase Industria e Comercio<\/title>\n<meta name=\"robots\" content=\"index, follow, max-snippet:-1, max-image-preview:large, max-video-preview:-1\" \/>\n<link rel=\"canonical\" href=\"https:\/\/metalcase.com.br\/index.php\/nossa_empresa\/\" \/>\n<meta property=\"og:locale\" content=\"pt_BR\" \/>\n<meta property=\"og:type\" content=\"article\" \/>\n<meta property=\"og:title\" content=\"Empresa - Metalcase Industria e Comercio\" \/>\n<meta property=\"og:description\" content=\"Conhe\u00e7a um pouco a Metalcase Nossos produtos, originalmente, se direcionam \u00e0s \u00e1reas de entretenimento. Mas, tamb\u00e9m, desenvolvemos produtos, projetos e solu\u00e7\u00f5es espec\u00edficas para diversos segmentos, tais como: Estandes, Eventos, Supermercados, Ind\u00fastria qu\u00edmico-farmac\u00eautica, Ind\u00fastria de Alimentos, Programa\u00e7\u00e3o Visual, Arquitetura, Decora\u00e7\u00e3o Comercial, Solda T\u00e9cnica, Servi\u00e7os T\u00e9cnicos Mec\u00e2nicos. Este site \u00e9 mais um ve\u00edculo de comunica\u00e7\u00e3o entre n\u00f3s [&hellip;]\" \/>\n<meta property=\"og:url\" content=\"https:\/\/metalcase.com.br\/index.php\/nossa_empresa\/\" \/>\n<meta property=\"og:site_name\" content=\"Metalcase Industria e Comercio\" \/>\n<meta property=\"article:modified_time\" content=\"2023-05-16T01:26:11+00:00\" \/>\n<meta property=\"og:image\" content=\"https:\/\/metalcase.com.br\/wp-content\/uploads\/2023\/02\/IMG-20190624-WA0052-1-1024x633.jpg\" \/>\n<meta name=\"twitter:card\" content=\"summary_large_image\" \/>\n<meta name=\"twitter:label1\" content=\"Est. tempo de leitura\" \/>\n\t<meta name=\"twitter:data1\" content=\"2 minutos\" \/>\n<script type=\"application\/ld+json\" class=\"yoast-schema-graph\">{\"@context\":\"https:\/\/schema.org\",\"@graph\":[{\"@type\":\"WebPage\",\"@id\":\"https:\/\/metalcase.com.br\/index.php\/nossa_empresa\/\",\"url\":\"https:\/\/metalcase.com.br\/index.php\/nossa_empresa\/\",\"name\":\"Empresa - Metalcase Industria e Comercio\",\"isPartOf\":{\"@id\":\"https:\/\/metalcase.com.br\/#website\"},\"primaryImageOfPage\":{\"@id\":\"https:\/\/metalcase.com.br\/index.php\/nossa_empresa\/#primaryimage\"},\"image\":{\"@id\":\"https:\/\/metalcase.com.br\/index.php\/nossa_empresa\/#primaryimage\"},\"thumbnailUrl\":\"https:\/\/metalcase.com.br\/wp-content\/uploads\/2023\/02\/IMG-20190624-WA0052-1-1024x633.jpg\",\"datePublished\":\"2018-10-24T17:48:28+00:00\",\"dateModified\":\"2023-05-16T01:26:11+00:00\",\"breadcrumb\":{\"@id\":\"https:\/\/metalcase.com.br\/index.php\/nossa_empresa\/#breadcrumb\"},\"inLanguage\":\"pt-BR\",\"potentialAction\":[{\"@type\":\"ReadAction\",\"target\":[\"https:\/\/metalcase.com.br\/index.php\/nossa_empresa\/\"]}]},{\"@type\":\"ImageObject\",\"inLanguage\":\"pt-BR\",\"@id\":\"https:\/\/metalcase.com.br\/index.php\/nossa_empresa\/#primaryimage\",\"url\":\"https:\/\/metalcase.com.br\/wp-content\/uploads\/2023\/02\/IMG-20190624-WA0052-1.jpg\",\"contentUrl\":\"https:\/\/metalcase.com.br\/wp-content\/uploads\/2023\/02\/IMG-20190624-WA0052-1.jpg\",\"width\":1040,\"height\":643},{\"@type\":\"BreadcrumbList\",\"@id\":\"https:\/\/metalcase.com.br\/index.php\/nossa_empresa\/#breadcrumb\",\"itemListElement\":[{\"@type\":\"ListItem\",\"position\":1,\"name\":\"In\u00edcio\",\"item\":\"https:\/\/metalcase.com.br\/\"},{\"@type\":\"ListItem\",\"position\":2,\"name\":\"Empresa\"}]},{\"@type\":\"WebSite\",\"@id\":\"https:\/\/metalcase.com.br\/#website\",\"url\":\"https:\/\/metalcase.com.br\/\",\"name\":\"MTC\",\"description\":\"\",\"publisher\":{\"@id\":\"https:\/\/metalcase.com.br\/#organization\"},\"potentialAction\":[{\"@type\":\"SearchAction\",\"target\":{\"@type\":\"EntryPoint\",\"urlTemplate\":\"https:\/\/metalcase.com.br\/?s={search_term_string}\"},\"query-input\":{\"@type\":\"PropertyValueSpecification\",\"valueRequired\":true,\"valueName\":\"search_term_string\"}}],\"inLanguage\":\"pt-BR\"},{\"@type\":\"Organization\",\"@id\":\"https:\/\/metalcase.com.br\/#organization\",\"name\":\"MTC\",\"url\":\"https:\/\/metalcase.com.br\/\",\"logo\":{\"@type\":\"ImageObject\",\"inLanguage\":\"pt-BR\",\"@id\":\"https:\/\/metalcase.com.br\/#\/schema\/logo\/image\/\",\"url\":\"https:\/\/metalcase.com.br\/wp-content\/uploads\/2023\/02\/logo.png\",\"contentUrl\":\"https:\/\/metalcase.com.br\/wp-content\/uploads\/2023\/02\/logo.png\",\"width\":399,\"height\":81,\"caption\":\"MTC\"},\"image\":{\"@id\":\"https:\/\/metalcase.com.br\/#\/schema\/logo\/image\/\"},\"sameAs\":[\"https:\/\/www.instagram.com\/metalcase_brasil\/\"]}]}<\/script>\n<!-- \/ Yoast SEO plugin. -->","yoast_head_json":{"title":"Empresa - Metalcase Industria e Comercio","robots":{"index":"index","follow":"follow","max-snippet":"max-snippet:-1","max-image-preview":"max-image-preview:large","max-video-preview":"max-video-preview:-1"},"canonical":"https:\/\/metalcase.com.br\/index.php\/nossa_empresa\/","og_locale":"pt_BR","og_type":"article","og_title":"Empresa - Metalcase Industria e Comercio","og_description":"Conhe\u00e7a um pouco a Metalcase Nossos produtos, originalmente, se direcionam \u00e0s \u00e1reas de entretenimento. Mas, tamb\u00e9m, desenvolvemos produtos, projetos e solu\u00e7\u00f5es espec\u00edficas para diversos segmentos, tais como: Estandes, Eventos, Supermercados, Ind\u00fastria qu\u00edmico-farmac\u00eautica, Ind\u00fastria de Alimentos, Programa\u00e7\u00e3o Visual, Arquitetura, Decora\u00e7\u00e3o Comercial, Solda T\u00e9cnica, Servi\u00e7os T\u00e9cnicos Mec\u00e2nicos. Este site \u00e9 mais um ve\u00edculo de comunica\u00e7\u00e3o entre n\u00f3s [&hellip;]","og_url":"https:\/\/metalcase.com.br\/index.php\/nossa_empresa\/","og_site_name":"Metalcase Industria e Comercio","article_modified_time":"2023-05-16T01:26:11+00:00","og_image":[{"url":"https:\/\/metalcase.com.br\/wp-content\/uploads\/2023\/02\/IMG-20190624-WA0052-1-1024x633.jpg","type":"","width":"","height":""}],"twitter_card":"summary_large_image","twitter_misc":{"Est. tempo de leitura":"2 minutos"},"schema":{"@context":"https:\/\/schema.org","@graph":[{"@type":"WebPage","@id":"https:\/\/metalcase.com.br\/index.php\/nossa_empresa\/","url":"https:\/\/metalcase.com.br\/index.php\/nossa_empresa\/","name":"Empresa - Metalcase Industria e Comercio","isPartOf":{"@id":"https:\/\/metalcase.com.br\/#website"},"primaryImageOfPage":{"@id":"https:\/\/metalcase.com.br\/index.php\/nossa_empresa\/#primaryimage"},"image":{"@id":"https:\/\/metalcase.com.br\/index.php\/nossa_empresa\/#primaryimage"},"thumbnailUrl":"https:\/\/metalcase.com.br\/wp-content\/uploads\/2023\/02\/IMG-20190624-WA0052-1-1024x633.jpg","datePublished":"2018-10-24T17:48:28+00:00","dateModified":"2023-05-16T01:26:11+00:00","breadcrumb":{"@id":"https:\/\/metalcase.com.br\/index.php\/nossa_empresa\/#breadcrumb"},"inLanguage":"pt-BR","potentialAction":[{"@type":"ReadAction","target":["https:\/\/metalcase.com.br\/index.php\/nossa_empresa\/"]}]},{"@type":"ImageObject","inLanguage":"pt-BR","@id":"https:\/\/metalcase.com.br\/index.php\/nossa_empresa\/#primaryimage","url":"https:\/\/metalcase.com.br\/wp-content\/uploads\/2023\/02\/IMG-20190624-WA0052-1.jpg","contentUrl":"https:\/\/metalcase.com.br\/wp-content\/uploads\/2023\/02\/IMG-20190624-WA0052-1.jpg","width":1040,"height":643},{"@type":"BreadcrumbList","@id":"https:\/\/metalcase.com.br\/index.php\/nossa_empresa\/#breadcrumb","itemListElement":[{"@type":"ListItem","position":1,"name":"In\u00edcio","item":"https:\/\/metalcase.com.br\/"},{"@type":"ListItem","position":2,"name":"Empresa"}]},{"@type":"WebSite","@id":"https:\/\/metalcase.com.br\/#website","url":"https:\/\/metalcase.com.br\/","name":"MTC","description":"","publisher":{"@id":"https:\/\/metalcase.com.br\/#organization"},"potentialAction":[{"@type":"SearchAction","target":{"@type":"EntryPoint","urlTemplate":"https:\/\/metalcase.com.br\/?s={search_term_string}"},"query-input":{"@type":"PropertyValueSpecification","valueRequired":true,"valueName":"search_term_string"}}],"inLanguage":"pt-BR"},{"@type":"Organization","@id":"https:\/\/metalcase.com.br\/#organization","name":"MTC","url":"https:\/\/metalcase.com.br\/","logo":{"@type":"ImageObject","inLanguage":"pt-BR","@id":"https:\/\/metalcase.com.br\/#\/schema\/logo\/image\/","url":"https:\/\/metalcase.com.br\/wp-content\/uploads\/2023\/02\/logo.png","contentUrl":"https:\/\/metalcase.com.br\/wp-content\/uploads\/2023\/02\/logo.png","width":399,"height":81,"caption":"MTC"},"image":{"@id":"https:\/\/metalcase.com.br\/#\/schema\/logo\/image\/"},"sameAs":["https:\/\/www.instagram.com\/metalcase_brasil\/"]}]}},"jetpack_sharing_enabled":true,"_links":{"self":[{"href":"https:\/\/metalcase.com.br\/index.php\/wp-json\/wp\/v2\/pages\/1648","targetHints":{"allow":["GET"]}}],"collection":[{"href":"https:\/\/metalcase.com.br\/index.php\/wp-json\/wp\/v2\/pages"}],"about":[{"href":"https:\/\/metalcase.com.br\/index.php\/wp-json\/wp\/v2\/types\/page"}],"author":[{"embeddable":true,"href":"https:\/\/metalcase.com.br\/index.php\/wp-json\/wp\/v2\/users\/2"}],"replies":[{"embeddable":true,"href":"https:\/\/metalcase.com.br\/index.php\/wp-json\/wp\/v2\/comments?post=1648"}],"version-history":[{"count":4,"href":"https:\/\/metalcase.com.br\/index.php\/wp-json\/wp\/v2\/pages\/1648\/revisions"}],"predecessor-version":[{"id":2559,"href":"https:\/\/metalcase.com.br\/index.php\/wp-json\/wp\/v2\/pages\/1648\/revisions\/2559"}],"wp:attachment":[{"href":"https:\/\/metalcase.com.br\/index.php\/wp-json\/wp\/v2\/media?parent=1648"}],"curies":[{"name":"wp","href":"https:\/\/api.w.org\/{rel}","templated":true}]}}